{"id":6879,"date":"2024-02-19T13:46:53","date_gmt":"2024-02-19T13:46:53","guid":{"rendered":"http:\/\/www.thinkupthemes.com\/?page_id=6879"},"modified":"2024-02-28T19:25:46","modified_gmt":"2024-02-28T19:25:46","slug":"home","status":"publish","type":"page","link":"https:\/\/pbtruck.com.br\/site\/","title":{"rendered":"Home"},"content":{"rendered":"<div id=\"pl-6879\"  class=\"panel-layout\" ><div id=\"pg-6879-0\"  class=\"panel-grid panel-no-style\" ><div id=\"pgc-6879-0-0\"  class=\"panel-grid-cell panel-grid-cell-empty\" ><\/div><div id=\"pgc-6879-0-1\"  class=\"panel-grid-cell\" ><div class=\"customtitle\"><h3 style=\"font-size: 13px;font-weight: 400;font-style: normal;margin-bottom: 5px;\"><span>CONHE\u00c7A A PB TRUCK<\/span><\/h3><\/div><div class=\"customtitle style5\"><h3 style=\"font-size: 18px;font-weight: 600;font-style: normal;margin-bottom: 25px;\"><span>PARADA <span style=\"color:#D33D33\">OBRIGAT\u00d3RIA<\/span> DE TRIAGEM<\/span><\/h3><\/div><blockquote class=\"style2\">A PORTARIA N\u00ba 007, DE 24 DE JANEIRO DE 2024, DISP\u00d5E SOBRE O REGULAMENTO GERAL DE ACESSO RODOVI\u00c1RIO DE CAMINH\u00d5ES AOS TERMINAIS ARRENDADOS LOCALIZADOS NO INTERIOR DA POLIGONAL DO PORTO ORGANIZADO DE CABEDELO.<\/blockquote><a target=\"_blank\" href=\"https:\/\/www.pbtruck.com.br\/site\/portaria_7-2024_govpb_docaspb.pdf\" id=\"thinkupshortcodesthinkup_builder_buttontheme\" class=\"button style1 themebutton small standard\">SAIBA MAIS<\/a><\/div><div id=\"pgc-6879-0-2\"  class=\"panel-grid-cell\" ><p style=\"text-align: right;\"><img decoding=\"async\" src=\"https:\/\/pbtruck.com.br\/site\/wp-content\/uploads\/2024\/02\/imagem_dupla02.jpg\" alt=\"\" \/ ><\/p><\/div><\/div><div id=\"pg-6879-1\"  class=\"panel-grid panel-has-style\" ><div id=\"servicos\" class=\"panel-row-style panel-row-style-for-6879-1\" ><div id=\"pgc-6879-1-0\"  class=\"panel-grid-cell\" ><div class=\"customtitle\"><h3 style=\"font-style: normal;\"><span>V\u00cdDEO PUBLICIT\u00c1RIO<\/span><\/h3><\/div><div id=\"panel-6879-1-0-1\" class=\"so-panel widget widget_media_video\" data-index=\"6\" ><div class=\"panel-widget-style panel-widget-style-for-6879-1-0-1\" ><div style=\"width:100%;\" class=\"wp-video\"><!--[if lt IE 9]><script>document.createElement('video');<\/script><![endif]-->\n<video class=\"wp-video-shortcode\" id=\"video-6879-1\" preload=\"metadata\" controls=\"controls\"><source type=\"video\/youtube\" src=\"https:\/\/www.youtube.com\/watch?v=Qns0OTRTlR0&#038;_=1\" \/><a href=\"https:\/\/www.youtube.com\/watch?v=Qns0OTRTlR0\">https:\/\/www.youtube.com\/watch?v=Qns0OTRTlR0<\/a><\/video><\/div><\/div><\/div><blockquote class=\"style2\">SISTEMA INTEGRADO COM A COMPANHIA DOCAS E TODOS OS TERMINAIS.<\/blockquote><\/div><div id=\"pgc-6879-1-1\"  class=\"panel-grid-cell panel-grid-cell-mobile-last\" ><div class=\"customtitle\"><h3 style=\"font-size: 13px;font-weight: 400;font-style: normal;margin-bottom: 5px;\"><span>NOSSOS SERVI\u00c7OS<\/span><\/h3><\/div><div class=\"customtitle style5\"><h3 style=\"font-size: 18px;font-weight: 600;font-style: normal;margin-bottom: 33px;\"><span>APROVEITE A CONVIV\u00caNCIA DE UM P\u00c1TIO <span style=\"color:#D33D33\">SEGURO<\/span> E <span style=\"color:#D33D33\">CONFI\u00c1VEL<\/span><\/span><\/h3><\/div><div id=\"accordion-thinkupshortcodesthinkup_builder_toggle\" class=\"accordion style2\"><div class=\"accordion-group\"><div class=\"accordion-heading\"><a class=\"accordion-toggle collapsed\" data-toggle=\"collapse\" data-parent=\"#accordion-thinkupshortcodesthinkup_builder_toggle\" href=\"#thinkupshortcodesthinkup_builder_toggle-0\">\u00c1REA DE CONVIV\u00caNCIA<\/a><\/div><div id=\"thinkupshortcodesthinkup_builder_toggle-0\" class=\"accordion-body collapse\"><div class=\"accordion-inner\">UM DOS ASPECTOS \u00c9 A \u00c1REA DE CONVIV\u00caNCIA. ESSES LOCAIS S\u00c3O PROJETADOS PARA PROMOVER O CONV\u00cdVIO ENTRE OS COND\u00d4MINOS.<\/div><\/div><\/div><div class=\"accordion-group\"><div class=\"accordion-heading\"><a class=\"accordion-toggle\" data-toggle=\"collapse\" data-parent=\"#accordion-thinkupshortcodesthinkup_builder_toggle\" href=\"#thinkupshortcodesthinkup_builder_toggle-1\">RESTAURANTE<\/a><\/div><div id=\"thinkupshortcodesthinkup_builder_toggle-1\" class=\"accordion-body collapse in\"><div class=\"accordion-inner\">COM UM ATENDIMENTO AMIG\u00c1VEL E EFICIENTE, ESTAMOS PRONTOS PARA RECEB\u00ca-LO. VENHA NOS VISITAR E EXPERIMENTAR UMA REFEI\u00c7\u00c3O MEMOR\u00c1VEL EM UM AMBIENTE FAMILIAR E ACOLHEDOR.<\/div><\/div><\/div><div class=\"accordion-group\"><div class=\"accordion-heading\"><a class=\"accordion-toggle collapsed\" data-toggle=\"collapse\" data-parent=\"#accordion-thinkupshortcodesthinkup_builder_toggle\" href=\"#thinkupshortcodesthinkup_builder_toggle-2\">SEGURAN\u00c7A E MONITORAMENTO<\/a><\/div><div id=\"thinkupshortcodesthinkup_builder_toggle-2\" class=\"accordion-body collapse\"><div class=\"accordion-inner\">C\u00c2MERAS DE ALTA DEFINI\u00c7\u00c3O, ALARMES DE \u00daLTIMA GERA\u00c7\u00c3O E CONTROLE DE ACESSO INTELIGENTE S\u00c3O APENAS ALGUMAS DAS FERRAMENTAS QUE EMPREGAMOS PARA PROTEGER O QUE \u00c9 IMPORTANTE PARA VOC\u00ca.<\/div><\/div><\/div><div class=\"accordion-group\"><div class=\"accordion-heading\"><a class=\"accordion-toggle collapsed\" data-toggle=\"collapse\" data-parent=\"#accordion-thinkupshortcodesthinkup_builder_toggle\" href=\"#thinkupshortcodesthinkup_builder_toggle-3\">OFICINA E BORRACHARIA<\/a><\/div><div id=\"thinkupshortcodesthinkup_builder_toggle-3\" class=\"accordion-body collapse\"><div class=\"accordion-inner\">COM EQUIPAMENTOS MODERNOS E PE\u00c7AS DE QUALIDADE, GARANTIMOS UM ATENDIMENTO R\u00c1PIDO E EFICIENTE, PRIORIZANDO SEMPRE A SUA SEGURAN\u00c7A E O BOM FUNCIONAMENTO DO SEU VE\u00cdCULO.<\/div><\/div><\/div><div class=\"accordion-group\"><div class=\"accordion-heading\"><a class=\"accordion-toggle collapsed\" data-toggle=\"collapse\" data-parent=\"#accordion-thinkupshortcodesthinkup_builder_toggle\" href=\"#thinkupshortcodesthinkup_builder_toggle-4\">BANHEIROS<\/a><\/div><div id=\"thinkupshortcodesthinkup_builder_toggle-4\" class=\"accordion-body collapse\"><div class=\"accordion-inner\">OFERECEMOS BANHEIROS BEM HIGIENIZADOS E EQUIPADOS, QUE GARANTEM UMA EXPERI\u00caNCIA AGRAD\u00c1VEL AOS USU\u00c1RIOS, AL\u00c9M DISSO, INCLUINDO ACESSIBILIDADE PARA PESSOAS COM DEFICI\u00caNCIAS, IDOSOS E CRIAN\u00c7AS.<\/div><\/div><\/div><\/div><\/div><div id=\"pgc-6879-1-2\"  class=\"panel-grid-cell panel-grid-cell-empty\" ><\/div><\/div><\/div><div id=\"pg-6879-2\"  class=\"panel-grid panel-no-style\" ><div id=\"pgc-6879-2-0\"  class=\"panel-grid-cell\" ><div id=\"panel-6879-2-0-0\" class=\"so-panel widget widget_text panel-first-child panel-last-child\" data-index=\"11\" >\t\t\t<div class=\"textwidget\"><h2><strong>FINALIDADE<\/strong><\/h2>\n<h3>Disciplinar o agendamento e a triagem de caminh\u00f5es para atendimento ao fluxo de movimenta\u00e7\u00e3o de cargas que se destinam ou provenham dos terminais.<br \/>\nConsidera-se &#8220;triagem&#8221; a recep\u00e7\u00e3o dos caminh\u00f5es, a leitura das placas para confer\u00eancia e valida\u00e7\u00e3o das informa\u00e7\u00f5es prestadas, a interliga\u00e7\u00e3o online do sistema log\u00edstico do PB TRUCK CENTER ao da DOCAS\/PB e dos terminais arrendados, a classifica\u00e7\u00e3o, a orienta\u00e7\u00e3o do local de estacionamento e posterior despacho do caminh\u00e3o, conforme solicita\u00e7\u00e3o da DOCAS\/PB ou de sistemas arrendados.<\/h3>\n<\/div>\n\t\t<\/div><\/div><\/div><div id=\"pg-6879-3\"  class=\"panel-grid panel-has-style\" ><div id=\"tarifas\" class=\"panel-row-style panel-row-style-for-6879-3\" ><div id=\"pgc-6879-3-0\"  class=\"panel-grid-cell panel-grid-cell-empty\" ><\/div><div id=\"pgc-6879-3-1\"  class=\"panel-grid-cell\" ><div id=\"panel-6879-3-1-0\" class=\"so-panel widget widget_media_image panel-first-child panel-last-child\" data-index=\"12\" ><img fetchpriority=\"high\" decoding=\"async\" width=\"734\" height=\"350\" src=\"https:\/\/pbtruck.com.br\/site\/wp-content\/uploads\/2024\/02\/tarifario.jpg\" class=\"image wp-image-11688  attachment-full size-full\" alt=\"\" style=\"max-width: 100%; height: auto;\" srcset=\"https:\/\/pbtruck.com.br\/site\/wp-content\/uploads\/2024\/02\/tarifario.jpg 734w, https:\/\/pbtruck.com.br\/site\/wp-content\/uploads\/2024\/02\/tarifario-300x143.jpg 300w\" sizes=\"(max-width: 734px) 100vw, 734px\" \/><\/div><\/div><\/div><\/div><div id=\"pg-6879-4\"  class=\"panel-grid panel-no-style\" ><div id=\"pgc-6879-4-0\"  class=\"panel-grid-cell\" ><div id=\"panel-6879-4-0-0\" class=\"widget_text so-panel widget widget_custom_html panel-first-child panel-last-child\" data-index=\"13\" ><div class=\"widget_text panel-widget-style panel-widget-style-for-6879-4-0-0\" ><div class=\"textwidget custom-html-widget\"><html>\n<head>\n\n<link rel=\"preload\" href=\"https:\/\/fonts.googleapis.com\/css?family=Jost:100,200,300,400,500,600,700,800,900,100i,200i,300i,400i,500i,600i,700i,800i,900i&display=swap\" as=\"style\" onload=\"this.onload=null;this.rel='stylesheet'\">\n<noscript><link rel=\"stylesheet\" href=\"https:\/\/fonts.googleapis.com\/css?family=Jost:100,200,300,400,500,600,700,800,900,100i,200i,300i,400i,500i,600i,700i,800i,900i&display=swap\"><\/noscript>\n\n<\/head>\n<body>\n\n\t<iframe src=\"https:\/\/www.google.com\/maps\/embed?pb=!1m18!1m12!1m3!1d3959.9119963105622!2d-34.844453124226256!3d-7.019630268766426!2m3!1f0!2f0!3f0!3m2!1i1024!2i768!4f13.1!3m3!1m2!1s0x7acdf007528c271%3A0x5090e01b3ccc3b1b!2sPB%20Truck%20Center!5e0!3m2!1spt-BR!2sbr!4v1708634528047!5m2!1spt-BR!2sbr\" align=\"top\" frameborder=\"0\" width=\"1920\" height=\"400\" style=\"border:0;\" allowfullscreen=\"\" loading=\"lazy\" referrerpolicy=\"no-referrer-when-downgrade\"><\/iframe>\n\n<\/body>\n<\/html><\/div><\/div><\/div><\/div><\/div><\/div>","protected":false},"excerpt":{"rendered":"<p>CONHE\u00c7A A PB TRUCKPARADA OBRIGAT\u00d3RIA DE TRIAGEMA PORTARIA N\u00ba 007, DE 24 DE JANEIRO DE 2024, DISP\u00d5E SOBRE O REGULAMENTO GERAL DE ACESSO RODOVI\u00c1RIO DE CAMINH\u00d5ES AOS TERMINAIS ARRENDADOS LOCALIZADOS NO INTERIOR DA POLIGONAL DO PORTO ORGANIZADO DE CABEDELO.SAIBA MAISV\u00cdDEO PUBLICIT\u00c1RIOhttps:\/\/www.youtube.com\/watch?v=Qns0OTRTlR0SISTEMA INTEGRADO COM A COMPANHIA DOCAS E TODOS OS TERMINAIS.NOSSOS SERVI\u00c7OSAPROVEITE A CONVIV\u00caNCIA DE UM&#8230;<\/p>\n<p class=\"more-link\"><a href=\"https:\/\/pbtruck.com.br\/site\/\" class=\"\"><span>Read More<\/span><i>&#43;<\/i><\/a><\/p>\n","protected":false},"author":1,"featured_media":0,"parent":0,"menu_order":0,"comment_status":"open","ping_status":"open","template":"template-parallax.php","meta":{"footnotes":""},"categories":[],"tags":[],"_links":{"self":[{"href":"https:\/\/pbtruck.com.br\/site\/wp-json\/wp\/v2\/pages\/6879"}],"collection":[{"href":"https:\/\/pbtruck.com.br\/site\/wp-json\/wp\/v2\/pages"}],"about":[{"href":"https:\/\/pbtruck.com.br\/site\/wp-json\/wp\/v2\/types\/page"}],"author":[{"embeddable":true,"href":"https:\/\/pbtruck.com.br\/site\/wp-json\/wp\/v2\/users\/1"}],"replies":[{"embeddable":true,"href":"https:\/\/pbtruck.com.br\/site\/wp-json\/wp\/v2\/comments?post=6879"}],"version-history":[{"count":254,"href":"https:\/\/pbtruck.com.br\/site\/wp-json\/wp\/v2\/pages\/6879\/revisions"}],"predecessor-version":[{"id":11690,"href":"https:\/\/pbtruck.com.br\/site\/wp-json\/wp\/v2\/pages\/6879\/revisions\/11690"}],"wp:attachment":[{"href":"https:\/\/pbtruck.com.br\/site\/wp-json\/wp\/v2\/media?parent=6879"}],"wp:term":[{"taxonomy":"category","embeddable":true,"href":"https:\/\/pbtruck.com.br\/site\/wp-json\/wp\/v2\/categories?post=6879"},{"taxonomy":"post_tag","embeddable":true,"href":"https:\/\/pbtruck.com.br\/site\/wp-json\/wp\/v2\/tags?post=6879"}],"curies":[{"name":"wp","href":"https:\/\/api.w.org\/{rel}","templated":true}]}}